{"id":1316,"date":"2017-10-16T04:10:26","date_gmt":"2017-10-16T04:10:26","guid":{"rendered":"http:\/\/ninzio.com\/agrikole\/?page_id=1316"},"modified":"2021-10-11T23:30:54","modified_gmt":"2021-10-11T23:30:54","slug":"about-us","status":"publish","type":"page","link":"https:\/\/sitio.agricultori.mx\/?page_id=1316","title":{"rendered":"Quienes somos"},"content":{"rendered":"<p>[vc_row][vc_column][vc_empty_space height=\u00bb50px\u00bb][vc_video link=\u00bbhttps:\/\/youtu.be\/Ef2FK61T0dI\u00bb][vc_empty_space height=\u00bb50px\u00bb][\/vc_column][\/vc_row][vc_row el_class=\u00bboverflow-visible\u00bb][vc_column]\r\n\t<div class=\"agrikole-spacer clearfix\" data-desktop=\"110\" data-mobi=\"60\" data-smobi=\"60\"><\/div>[vc_row_inner][vc_column_inner width=\u00bb1\/2&#8243;]<div class=\"agrikole-headings clearfix \" data-font=70 data-mfont=60 style=\"\"><div class=\"pre-heading clearfix\" style=\"font-weight:600;color:#5b8c51;font-size:14px;letter-spacing:3px;\">\r\n\t\tACERCA DE NOSOTROS\r\n\t<\/div><h2 class=\"heading clearfix \" style=\"line-height:70px;font-size:70px;\">\r\n\t\tMisi\u00f3n y Visi\u00f3n\r\n\t<\/h2><\/div>[\/vc_column_inner][vc_column_inner width=\u00bb1\/2&#8243;]\r\n\t<div class=\"agrikole-spacer clearfix\" data-desktop=\"37\" data-mobi=\"37\" data-smobi=\"37\"><\/div>[vc_column_text]Misi\u00f3n<\/p>\n<p>Ofrecer una herramienta f\u00e1cil, pr\u00e1ctica y gratuita, la cual se enfoca en facilitar informaci\u00f3n necesaria que los agricultores necesitan d\u00eda a d\u00eda para las operaciones de sus huertos.<\/p>\n<p>Visi\u00f3n<\/p>\n<p>Ayudar a todos los agricultores del pa\u00eds proporcionando la informaci\u00f3n de todos los cultivos en un solo lugar.[\/vc_column_text][\/vc_column_inner][\/vc_row_inner]\r\n\t<div class=\"agrikole-spacer clearfix\" data-desktop=\"55\" data-mobi=\"30\" data-smobi=\"30\"><\/div>[vc_row_inner equal_height=\u00bbyes\u00bb][vc_column_inner width=\u00bb2\/3&#8243;]<div class=\"agrikole-images-grid clearfix\" data-layout=\"grid\" data-column=\"4\" data-column2=\"3\" data-column3=\"2\" data-column4=\"1\" data-gaph=\"30\" data-gapv=\"30\"><div id=\"images-wrap\" class=\"cbp\"><div class=\"cbp-item\"><div class=\"item-wrap\" style=\"border-radius:5px;overflow:hidden;\"><a class=\"zoom-popup cbp-lightbox\" href=\"https:\/\/sitio.agricultori.mx\/wp-content\/uploads\/2020\/02\/about-img1.jpg\"><\/a><img decoding=\"async\" src=\"https:\/\/sitio.agricultori.mx\/wp-content\/uploads\/2020\/02\/about-img1.jpg\" alt=\"image\" \/><\/div><\/div><div class=\"cbp-item\"><div class=\"item-wrap\" style=\"border-radius:5px;overflow:hidden;\"><a class=\"zoom-popup cbp-lightbox\" href=\"https:\/\/sitio.agricultori.mx\/wp-content\/uploads\/2020\/02\/about-img2.jpg\"><\/a><img decoding=\"async\" src=\"https:\/\/sitio.agricultori.mx\/wp-content\/uploads\/2020\/02\/about-img2.jpg\" alt=\"image\" \/><\/div><\/div><\/div><\/div>\r\n\t<div class=\"agrikole-spacer clearfix\" data-desktop=\"0\" data-mobi=\"30\" data-smobi=\"30\"><\/div>[\/vc_column_inner][vc_column_inner width=\u00bb1\/3&#8243;]<div class=\"agrikole-content-box clearfix overflow-hidden\" data-padding=\"131px 40px 131px\" data-mobipadding=\"131px 40px 131px\" data-margin=\"\" data-mobimargin=\"\" >\r\n\t\t<div class=\"inner ctb-459561278\" style=\"background:url(https:\/\/sitio.agricultori.mx\/wp-content\/uploads\/2020\/02\/about-img3.jpg) left top no-repeat;background-size:cover;\"  data-background=\"\" data-rounded=\"5px\" data-border-style=\"solid\" data-border-style-hover=\"solid\">\r\n\t\t\t[vc_column_text]<\/p>\n<h3 style=\"font-size: 50px; line-height: 70px; color: #eddd5e; text-align: center;\">TENEMOS MAS DE 20 A\u00d1OS DE EXPERIENCIA EN EL CAMPO<\/h3>\n<p>[\/vc_column_text]\r\n\t\t<\/div>\r\n\t<\/div>[\/vc_column_inner][\/vc_row_inner]\r\n\t<div class=\"agrikole-spacer clearfix\" data-desktop=\"120\" data-mobi=\"60\" data-smobi=\"60\"><\/div>[\/vc_column][\/vc_row][vc_row full_width=\u00bbstretch_row\u00bb css=\u00bb.vc_custom_1633717809816{background-image: url(http:\/\/ninzio.com\/agrikole\/wp-content\/uploads\/2020\/02\/section-bg3.jpg?id=13353) !important;background-position: center !important;background-repeat: no-repeat !important;background-size: cover !important;}\u00bb el_id=\u00bbdisss\u00bb][vc_column]\r\n\t<div class=\"agrikole-spacer clearfix\" data-desktop=\"107\" data-mobi=\"60\" data-smobi=\"60\"><\/div><div class=\"agrikole-headings clearfix text-center\" data-font=70 data-mfont=60 style=\"\"><h2 class=\"heading clearfix \" style=\"color:#ffffff;max-width:860px;margin-left: auto; margin-right: auto;line-height:82px;margin-bottom:18px;font-size:70px;\">\r\n\t\tLA \u00daNICA APP INTELIGENTE EN EL PA\u00cdS PENSADA PARA EL AGRICULTOR\r\n\t<\/h2><\/div>\r\n\t<div class=\"agrikole-spacer clearfix\" data-desktop=\"50\" data-mobi=\"40\" data-smobi=\"40\"><\/div><div class=\"agrikole-align-box  mobi-align-center align-center\"><div class=\"button-wrap icon-right\" style=\"\" ><a href=\"https:\/\/ninzio.com\/agrikole\/services\/\" target=\"_self\" class=\"agrikole-button btn-735750793 medium no_icon accent custom\" style=\"border-radius:5px;\"  data-text=\"#404a3d\" data-text-hover=\"#404a3d\" data-background-hover=\"#ffffff\">\r\n\t\t<span style=\"\">Descarga para Android <\/span>\r\n\t<\/a><\/div>\r\n\t<div class=\"agrikole-spacer clearfix\" data-desktop=\"35\" data-mobi=\"25\" data-smobi=\"15\"><\/div><div class=\"button-wrap icon-right\" style=\"\" ><a href=\"https:\/\/ninzio.com\/agrikole\/services\/\" target=\"_self\" class=\"agrikole-button btn-1023592070 medium no_icon accent custom\" style=\"border-radius:5px;\"  data-text=\"#404a3d\" data-text-hover=\"#404a3d\" data-background-hover=\"#ffffff\">\r\n\t\t<span style=\"\">Descarga para IOS <\/span>\r\n\t<\/a><\/div><\/div>\r\n\t<div class=\"agrikole-spacer clearfix\" data-desktop=\"120\" data-mobi=\"60\" data-smobi=\"60\"><\/div>[\/vc_column][\/vc_row]<\/p>\n","protected":false},"excerpt":{"rendered":"<p>[vc_row][vc_column][vc_empty_space height=\u00bb50px\u00bb][vc_video link=\u00bbhttps:\/\/youtu.be\/Ef2FK61T0dI\u00bb][vc_empty_space height=\u00bb50px\u00bb][\/vc_column][\/vc_row][vc_row el_class=\u00bboverflow-visible\u00bb][vc_column][vc_row_inner][vc_column_inner width=\u00bb1\/2&#8243;][\/vc_column_inner][vc_column_inner width=\u00bb1\/2&#8243;][vc_column_text]Misi\u00f3n Ofrecer una herramienta f\u00e1cil, pr\u00e1ctica y gratuita, la cual se enfoca en facilitar informaci\u00f3n necesaria que los agricultores necesitan d\u00eda a d\u00eda para las operaciones de sus huertos. Visi\u00f3n Ayudar a todos los agricultores del pa\u00eds proporcionando la informaci\u00f3n de todos los cultivos<\/p>\n","protected":false},"author":1,"featured_media":0,"parent":0,"menu_order":0,"comment_status":"closed","ping_status":"closed","template":"","meta":{"footnotes":""},"class_list":["post-1316","page","type-page","status-publish","hentry"],"_links":{"self":[{"href":"https:\/\/sitio.agricultori.mx\/index.php?rest_route=\/wp\/v2\/pages\/1316","targetHints":{"allow":["GET"]}}],"collection":[{"href":"https:\/\/sitio.agricultori.mx\/index.php?rest_route=\/wp\/v2\/pages"}],"about":[{"href":"https:\/\/sitio.agricultori.mx\/index.php?rest_route=\/wp\/v2\/types\/page"}],"author":[{"embeddable":true,"href":"https:\/\/sitio.agricultori.mx\/index.php?rest_route=\/wp\/v2\/users\/1"}],"replies":[{"embeddable":true,"href":"https:\/\/sitio.agricultori.mx\/index.php?rest_route=%2Fwp%2Fv2%2Fcomments&post=1316"}],"version-history":[{"count":16,"href":"https:\/\/sitio.agricultori.mx\/index.php?rest_route=\/wp\/v2\/pages\/1316\/revisions"}],"predecessor-version":[{"id":14583,"href":"https:\/\/sitio.agricultori.mx\/index.php?rest_route=\/wp\/v2\/pages\/1316\/revisions\/14583"}],"wp:attachment":[{"href":"https:\/\/sitio.agricultori.mx\/index.php?rest_route=%2Fwp%2Fv2%2Fmedia&parent=1316"}],"curies":[{"name":"wp","href":"https:\/\/api.w.org\/{rel}","templated":true}]}}